{"id":71,"date":"2020-09-17T01:49:51","date_gmt":"2020-09-17T01:49:51","guid":{"rendered":"https:\/\/insumedicstore.com\/?page_id=71"},"modified":"2020-09-17T01:52:23","modified_gmt":"2020-09-17T01:52:23","slug":"servicios","status":"publish","type":"page","link":"https:\/\/insumedicstore.com\/index.php\/alexis-quijano\/servicios\/","title":{"rendered":"Servicios"},"content":{"rendered":"\n<h1 class=\"wp-block-heading\">Software para cuestionario ISTAS 21<\/h1>\n\n\n\n<figure class=\"wp-block-image\"><img decoding=\"async\" src=\"https:\/\/www.muypymes.com\/wp-content\/uploads\/2020\/03\/Software1.jpg\" alt=\"El 24,6% de las empresas de software incrementar\u00e1n sus ventas en estos  momentos de crisis \u00bb MuyPymes\"\/><\/figure>\n\n\n\n<p>El software permite a los trabajadores rellenar el cuestionario desde cualquier dispositivo con acceso a internet (computador, celular o tablet) y registrar las respuestas instant\u00e1neamente, evitando as\u00ed la tabulaci\u00f3n manual.<\/p>\n\n\n\n<p>Al finalizar las encuestas el software arroja los resultados autom\u00e1ticamente; en datos absolutos, porcentajes y gr\u00e1ficos por dimensi\u00f3n de an\u00e1lisis, seg\u00fan los requisitos que establece la Autoridad.<\/p>\n\n\n\n<p>Pasos para acceder al software<\/p>\n\n\n\n<ul class=\"wp-block-list\"><li>crear el Comit\u00e9 de Riesgos Psicosociales<\/li><li>entar en\u00a0<a href=\"http:\/\/www.alexisquijano.com\/sistema\" target=\"_blank\" rel=\"noreferrer noopener\">www.alexisquijano.com\/sistema<\/a><\/li><li>rellenar el formulario de acceso<\/li><li><\/li><\/ul>\n","protected":false},"excerpt":{"rendered":"<p>Software para cuestionario ISTAS 21 El software permite a los trabajadores rellenar el cuestionario desde cualquier dispositivo con acceso a internet (computador, celular o tablet) y registrar las respuestas instant\u00e1neamente, evitando as\u00ed la tabulaci\u00f3n manual. Al finalizar las encuestas el software arroja los resultados autom\u00e1ticamente; en datos absolutos, porcentajes y gr\u00e1ficos por dimensi\u00f3n de an\u00e1lisis, [&hellip;]<\/p>\n","protected":false},"author":1,"featured_media":0,"parent":65,"menu_order":0,"comment_status":"closed","ping_status":"closed","template":"","meta":{"footnotes":""},"class_list":["post-71","page","type-page","status-publish","hentry"],"_links":{"self":[{"href":"https:\/\/insumedicstore.com\/index.php\/wp-json\/wp\/v2\/pages\/71","targetHints":{"allow":["GET"]}}],"collection":[{"href":"https:\/\/insumedicstore.com\/index.php\/wp-json\/wp\/v2\/pages"}],"about":[{"href":"https:\/\/insumedicstore.com\/index.php\/wp-json\/wp\/v2\/types\/page"}],"author":[{"embeddable":true,"href":"https:\/\/insumedicstore.com\/index.php\/wp-json\/wp\/v2\/users\/1"}],"replies":[{"embeddable":true,"href":"https:\/\/insumedicstore.com\/index.php\/wp-json\/wp\/v2\/comments?post=71"}],"version-history":[{"count":2,"href":"https:\/\/insumedicstore.com\/index.php\/wp-json\/wp\/v2\/pages\/71\/revisions"}],"predecessor-version":[{"id":74,"href":"https:\/\/insumedicstore.com\/index.php\/wp-json\/wp\/v2\/pages\/71\/revisions\/74"}],"up":[{"embeddable":true,"href":"https:\/\/insumedicstore.com\/index.php\/wp-json\/wp\/v2\/pages\/65"}],"wp:attachment":[{"href":"https:\/\/insumedicstore.com\/index.php\/wp-json\/wp\/v2\/media?parent=71"}],"curies":[{"name":"wp","href":"https:\/\/api.w.org\/{rel}","templated":true}]}}