{"id":54,"date":"2020-09-17T00:42:21","date_gmt":"2020-09-17T00:42:21","guid":{"rendered":"https:\/\/insumedicstore.com\/?page_id=54"},"modified":"2020-09-17T02:34:55","modified_gmt":"2020-09-17T02:34:55","slug":"ubicacion","status":"publish","type":"page","link":"https:\/\/insumedicstore.com\/index.php\/farmacia-la-gloria\/ubicacion\/","title":{"rendered":"Ubicaci\u00f3n"},"content":{"rendered":"\t\t<div data-elementor-type=\"wp-page\" data-elementor-id=\"54\" class=\"elementor elementor-54\" data-elementor-settings=\"[]\">\n\t\t\t\t\t\t<div class=\"elementor-inner\">\n\t\t\t\t\t\t\t<div class=\"elementor-section-wrap\">\n\t\t\t\t\t\t\t<section class=\"elementor-section elementor-top-section elementor-element elementor-element-6c1e0c67 elementor-section-boxed elementor-section-height-default elementor-section-height-default\" data-id=\"6c1e0c67\" data-element_type=\"section\">\n\t\t\t\t\t\t<div class=\"elementor-container elementor-column-gap-default\">\n\t\t\t\t\t\t\t<div class=\"elementor-row\">\n\t\t\t\t\t<div class=\"elementor-column elementor-col-100 elementor-top-column elementor-element elementor-element-619433ca\" data-id=\"619433ca\" data-element_type=\"column\">\n\t\t\t<div class=\"elementor-column-wrap elementor-element-populated\">\n\t\t\t\t\t\t\t<div class=\"elementor-widget-wrap\">\n\t\t\t\t\t\t<div class=\"elementor-element elementor-element-b479714 elementor-widget elementor-widget-text-editor\" data-id=\"b479714\" data-element_type=\"widget\" data-widget_type=\"text-editor.default\">\n\t\t\t\t<div class=\"elementor-widget-container\">\n\t\t\t\t\t<div class=\"elementor-text-editor elementor-clearfix\"><!-- wp:image {\"id\":61,\"sizeSlug\":\"large\"} -->\n<figure class=\"wp-block-image size-large\"><img loading=\"lazy\" decoding=\"async\" width=\"1024\" height=\"504\" src=\"https:\/\/insumedicstore.com\/wp-content\/uploads\/2020\/09\/image-1024x504.png\" alt=\"\" class=\"wp-image-61\" srcset=\"https:\/\/insumedicstore.com\/wp-content\/uploads\/2020\/09\/image-1024x504.png 1024w, https:\/\/insumedicstore.com\/wp-content\/uploads\/2020\/09\/image-300x148.png 300w, https:\/\/insumedicstore.com\/wp-content\/uploads\/2020\/09\/image-768x378.png 768w, https:\/\/insumedicstore.com\/wp-content\/uploads\/2020\/09\/image-840x413.png 840w, https:\/\/insumedicstore.com\/wp-content\/uploads\/2020\/09\/image-600x295.png 600w, https:\/\/insumedicstore.com\/wp-content\/uploads\/2020\/09\/image.png 1286w\" sizes=\"auto, (max-width: 1024px) 100vw, 1024px\" \/><\/figure>\n<!-- \/wp:image -->\n\n<!-- wp:heading {\"level\":3} -->\n<h3>Informaci\u00f3n<\/h3>\n<!-- \/wp:heading -->\n\n<!-- wp:paragraph -->\n<p><strong>Horario:<\/strong><br>Lunes a Viernes de 7:30am a 8:00pm<br>y Domingos de 8:00am a 5:00pm<\/p>\n<!-- \/wp:paragraph -->\n\n<!-- wp:paragraph -->\n<p><strong>Tel.:<\/strong>&nbsp;<a href=\"tel:7878985730\">(xx) xxxx-xxxx<\/a><\/p>\n<!-- \/wp:paragraph -->\n\n<!-- wp:paragraph -->\n<p><strong>Fax:<\/strong>&nbsp;(xxx) xxxx-xxxx<\/p>\n<!-- \/wp:paragraph -->\n\n<!-- wp:paragraph -->\n<p><strong>Email:<\/strong><a href=\"mailto:farmacialechuga@yahoo.com\">&nbsp;info@farmacialagloria.com<\/a><\/p>\n<!-- \/wp:paragraph -->\n\n<!-- wp:paragraph -->\n<p><strong>Aceptamos:<\/strong><img decoding=\"async\" src=\"http:\/\/www.farmacialechuga.com\/img\/card.png\"><br>La mayor\u00eda de los planes m\u00e9dicos<\/p>\n<!-- \/wp:paragraph -->\n\n<!-- wp:paragraph -->\n<p><strong>\u00c1rea de Servicio:<\/strong><br>\u00c1rea Occidente y central<\/p>\n<!-- \/wp:paragraph --><\/div>\n\t\t\t\t<\/div>\n\t\t\t\t<\/div>\n\t\t\t\t\t\t<\/div>\n\t\t\t\t\t<\/div>\n\t\t<\/div>\n\t\t\t\t\t\t\t\t<\/div>\n\t\t\t\t\t<\/div>\n\t\t<\/section>\n\t\t\t\t<section class=\"elementor-section elementor-top-section elementor-element elementor-element-e880d91 elementor-section-boxed elementor-section-height-default elementor-section-height-default\" data-id=\"e880d91\" data-element_type=\"section\">\n\t\t\t\t\t\t<div class=\"elementor-container elementor-column-gap-default\">\n\t\t\t\t\t\t\t<div class=\"elementor-row\">\n\t\t\t\t\t<div class=\"elementor-column elementor-col-100 elementor-top-column elementor-element elementor-element-56bfec5\" data-id=\"56bfec5\" data-element_type=\"column\">\n\t\t\t<div class=\"elementor-column-wrap elementor-element-populated\">\n\t\t\t\t\t\t\t<div class=\"elementor-widget-wrap\">\n\t\t\t\t\t\t<div class=\"elementor-element elementor-element-dac294c elementor-widget elementor-widget-google_maps\" data-id=\"dac294c\" data-element_type=\"widget\" data-widget_type=\"google_maps.default\">\n\t\t\t\t<div class=\"elementor-widget-container\">\n\t\t\t<div class=\"elementor-custom-embed\"><iframe frameborder=\"0\" scrolling=\"no\" marginheight=\"0\" marginwidth=\"0\" src=\"https:\/\/maps.google.com\/maps?q=London%20Eye%2C%20London%2C%20United%20Kingdom&amp;t=m&amp;z=10&amp;output=embed&amp;iwloc=near\" title=\"London Eye, London, United Kingdom\" aria-label=\"London Eye, London, United Kingdom\"><\/iframe><\/div>\t\t<\/div>\n\t\t\t\t<\/div>\n\t\t\t\t\t\t<\/div>\n\t\t\t\t\t<\/div>\n\t\t<\/div>\n\t\t\t\t\t\t\t\t<\/div>\n\t\t\t\t\t<\/div>\n\t\t<\/section>\n\t\t\t\t\t\t<\/div>\n\t\t\t\t\t\t<\/div>\n\t\t\t\t\t<\/div>\n\t\t","protected":false},"excerpt":{"rendered":"<p>Informaci\u00f3n Horario:Lunes a Viernes de 7:30am a 8:00pmy Domingos de 8:00am a 5:00pm Tel.:&nbsp;(xx) xxxx-xxxx Fax:&nbsp;(xxx) xxxx-xxxx Email:&nbsp;info@farmacialagloria.com Aceptamos:La mayor\u00eda de los planes m\u00e9dicos \u00c1rea de Servicio:\u00c1rea Occidente y central<\/p>\n","protected":false},"author":1,"featured_media":0,"parent":16,"menu_order":0,"comment_status":"closed","ping_status":"closed","template":"","meta":{"footnotes":""},"class_list":["post-54","page","type-page","status-publish","hentry"],"_links":{"self":[{"href":"https:\/\/insumedicstore.com\/index.php\/wp-json\/wp\/v2\/pages\/54","targetHints":{"allow":["GET"]}}],"collection":[{"href":"https:\/\/insumedicstore.com\/index.php\/wp-json\/wp\/v2\/pages"}],"about":[{"href":"https:\/\/insumedicstore.com\/index.php\/wp-json\/wp\/v2\/types\/page"}],"author":[{"embeddable":true,"href":"https:\/\/insumedicstore.com\/index.php\/wp-json\/wp\/v2\/users\/1"}],"replies":[{"embeddable":true,"href":"https:\/\/insumedicstore.com\/index.php\/wp-json\/wp\/v2\/comments?post=54"}],"version-history":[{"count":5,"href":"https:\/\/insumedicstore.com\/index.php\/wp-json\/wp\/v2\/pages\/54\/revisions"}],"predecessor-version":[{"id":91,"href":"https:\/\/insumedicstore.com\/index.php\/wp-json\/wp\/v2\/pages\/54\/revisions\/91"}],"up":[{"embeddable":true,"href":"https:\/\/insumedicstore.com\/index.php\/wp-json\/wp\/v2\/pages\/16"}],"wp:attachment":[{"href":"https:\/\/insumedicstore.com\/index.php\/wp-json\/wp\/v2\/media?parent=54"}],"curies":[{"name":"wp","href":"https:\/\/api.w.org\/{rel}","templated":true}]}}