{"id":16,"date":"2020-09-11T19:49:44","date_gmt":"2020-09-11T19:49:44","guid":{"rendered":"https:\/\/insumedicstore.com\/?page_id=16"},"modified":"2020-09-17T00:07:46","modified_gmt":"2020-09-17T00:07:46","slug":"farmacia-la-gloria","status":"publish","type":"page","link":"https:\/\/insumedicstore.com\/index.php\/farmacia-la-gloria\/","title":{"rendered":"Farmacia La Gloria"},"content":{"rendered":"\n<figure class=\"wp-block-image size-large is-resized is-style-rounded\"><img loading=\"lazy\" decoding=\"async\" src=\"https:\/\/insumedicstore.com\/wp-content\/uploads\/2020\/09\/farmacialagloria.fw_-1024x631.png\" alt=\"\" class=\"wp-image-48\" width=\"512\" height=\"316\" srcset=\"https:\/\/insumedicstore.com\/wp-content\/uploads\/2020\/09\/farmacialagloria.fw_-1024x631.png 1024w, https:\/\/insumedicstore.com\/wp-content\/uploads\/2020\/09\/farmacialagloria.fw_-300x185.png 300w, https:\/\/insumedicstore.com\/wp-content\/uploads\/2020\/09\/farmacialagloria.fw_-768x473.png 768w, https:\/\/insumedicstore.com\/wp-content\/uploads\/2020\/09\/farmacialagloria.fw_-811x500.png 811w, https:\/\/insumedicstore.com\/wp-content\/uploads\/2020\/09\/farmacialagloria.fw_-487x300.png 487w, https:\/\/insumedicstore.com\/wp-content\/uploads\/2020\/09\/farmacialagloria.fw_-600x370.png 600w, https:\/\/insumedicstore.com\/wp-content\/uploads\/2020\/09\/farmacialagloria.fw_.png 1108w\" sizes=\"auto, (max-width: 512px) 100vw, 512px\" \/><\/figure>\n\n\n\n<h1 class=\"wp-block-heading\">Sobre Nosotros<\/h1>\n\n\n\n<p><\/p>\n\n\n\n<p class=\"has-text-align-left\">Farmacia La Gloria se compromete a proveer servicios de salud de la m\u00e1s alta calidad y seguridad a sus pacientes; cumpliendo con las principales regulaciones y principios \u00e9tico-morales a trav\u00e9s de una administraci\u00f3n efectiva. Nos comprometemos a asegurar la calidad de nuestro servicio, el respeto al ser humano y la eficiencia operacional junto al m\u00e1s capacitado equipo de profesionales de salud. Contamos con el recetario m\u00e1s moderno y completo en toda el \u00e1rea Norte. Utilizamos los \u00faltimos avances en la tecnolog\u00eda para optimizar un servicio m\u00e1s eficiente, incluyendo un sistema automatizado de despacho de recetas.<\/p>\n\n\n\n<figure class=\"wp-block-image\"><img decoding=\"async\" src=\"https:\/\/img.freepik.com\/foto-gratis\/cliente-mujer-carpeta-farmacia_1368-17801.jpg?size=626&amp;ext=jpg\" alt=\"Im\u00e1genes de Farmaceutico | Vectores, fotos de stock y PSD gratuitos\"\/><figcaption>Inspirados en tu salud<\/figcaption><\/figure>\n\n\n\n<p><strong>NUESTRA VISI\u00d3N<\/strong><br>Ser una compa\u00f1\u00eda l\u00edder en la prestaci\u00f3n de servicios de salud, como proveedora de Equipo M\u00e9dico y Servicios Farmac\u00e9uticos con la mayor costo-efectividad y cumpliendo con las principales regulaciones y principios \u00e9ticos, atendiendo las necesidades de nuestra comunidad con sensibilidad humana y calidad continua.<\/p>\n\n\n\n<p><strong>NUESTRA MISI\u00d3N<\/strong><br>Farmacia La Gloria se compromete a proveer servicios de salud de la m\u00e1s alta calidad y seguridad a sus pacientes, cumpliendo con las principales regulaciones y principios \u00e9tico-morales a trav\u00e9s de una administraci\u00f3n efectiva. Nos comprometernos a asegurar la calidad de nuestro servicio, el respeto al ser humano y la eficiencia operacional junto al m\u00e1s capacitado equipo de profesionales de salud.<\/p>\n\n\n\n<p><\/p>\n","protected":false},"excerpt":{"rendered":"<p>Sobre Nosotros Farmacia La Gloria se compromete a proveer servicios de salud de la m\u00e1s alta calidad y seguridad a sus pacientes; cumpliendo con las principales regulaciones y principios \u00e9tico-morales a trav\u00e9s de una administraci\u00f3n efectiva. Nos comprometemos a asegurar la calidad de nuestro servicio, el respeto al ser humano y la eficiencia operacional junto [&hellip;]<\/p>\n","protected":false},"author":1,"featured_media":0,"parent":0,"menu_order":3,"comment_status":"closed","ping_status":"closed","template":"","meta":{"footnotes":""},"class_list":["post-16","page","type-page","status-publish","hentry"],"_links":{"self":[{"href":"https:\/\/insumedicstore.com\/index.php\/wp-json\/wp\/v2\/pages\/16","targetHints":{"allow":["GET"]}}],"collection":[{"href":"https:\/\/insumedicstore.com\/index.php\/wp-json\/wp\/v2\/pages"}],"about":[{"href":"https:\/\/insumedicstore.com\/index.php\/wp-json\/wp\/v2\/types\/page"}],"author":[{"embeddable":true,"href":"https:\/\/insumedicstore.com\/index.php\/wp-json\/wp\/v2\/users\/1"}],"replies":[{"embeddable":true,"href":"https:\/\/insumedicstore.com\/index.php\/wp-json\/wp\/v2\/comments?post=16"}],"version-history":[{"count":6,"href":"https:\/\/insumedicstore.com\/index.php\/wp-json\/wp\/v2\/pages\/16\/revisions"}],"predecessor-version":[{"id":53,"href":"https:\/\/insumedicstore.com\/index.php\/wp-json\/wp\/v2\/pages\/16\/revisions\/53"}],"wp:attachment":[{"href":"https:\/\/insumedicstore.com\/index.php\/wp-json\/wp\/v2\/media?parent=16"}],"curies":[{"name":"wp","href":"https:\/\/api.w.org\/{rel}","templated":true}]}}